{"id":538,"date":"2026-04-02T15:12:10","date_gmt":"2026-04-02T15:12:10","guid":{"rendered":"http:\/\/localhost:10207\/lequipe\/"},"modified":"2026-05-08T20:49:56","modified_gmt":"2026-05-08T20:49:56","slug":"lequipe","status":"publish","type":"page","link":"https:\/\/heward.com\/fr\/lequipe\/","title":{"rendered":"L\u2019\u00e9quipe"},"content":{"rendered":"","protected":false},"excerpt":{"rendered":"","protected":false},"author":1,"featured_media":0,"parent":0,"menu_order":8,"comment_status":"closed","ping_status":"closed","template":"page-the-team.php","meta":{"_acf_changed":false,"footnotes":""},"class_list":["post-538","page","type-page","status-publish","hentry"],"acf":[],"yoast_head":"<!-- This site is optimized with the Yoast SEO plugin v27.5 - https:\/\/yoast.com\/product\/yoast-seo-wordpress\/ -->\n<title>L\u2019\u00e9quipe - Heward<\/title>\n<meta name=\"description\" content=\"Rencontrez l&#039;\u00e9quipe d&#039;Heward Investment Management, des professionnels d\u00e9vou\u00e9s alliant expertise sp\u00e9cialis\u00e9e et approche personnalis\u00e9e pour atteindre vos objectifs financiers \u00e0 long terme.\" \/>\n<meta name=\"robots\" content=\"index, follow, max-snippet:-1, max-image-preview:large, max-video-preview:-1\" \/>\n<link rel=\"canonical\" href=\"https:\/\/heward.com\/fr\/lequipe\/\" \/>\n<meta property=\"og:locale\" content=\"fr_CA\" \/>\n<meta property=\"og:type\" content=\"article\" \/>\n<meta property=\"og:title\" content=\"L\u2019\u00e9quipe - Heward\" \/>\n<meta property=\"og:description\" content=\"Rencontrez l&#039;\u00e9quipe d&#039;Heward Investment Management, des professionnels d\u00e9vou\u00e9s alliant expertise sp\u00e9cialis\u00e9e et approche personnalis\u00e9e pour atteindre vos objectifs financiers \u00e0 long terme.\" \/>\n<meta property=\"og:url\" content=\"https:\/\/heward.com\/fr\/lequipe\/\" \/>\n<meta property=\"og:site_name\" content=\"Heward\" \/>\n<meta property=\"article:modified_time\" content=\"2026-05-08T20:49:56+00:00\" \/>\n<meta name=\"twitter:card\" content=\"summary_large_image\" \/>\n<script type=\"application\/ld+json\" class=\"yoast-schema-graph\">{\"@context\":\"https:\\\/\\\/schema.org\",\"@graph\":[{\"@type\":\"WebPage\",\"@id\":\"https:\\\/\\\/heward.com\\\/fr\\\/lequipe\\\/\",\"url\":\"https:\\\/\\\/heward.com\\\/fr\\\/lequipe\\\/\",\"name\":\"L\u2019\u00e9quipe - Heward\",\"isPartOf\":{\"@id\":\"https:\\\/\\\/heward.com\\\/fr\\\/#website\"},\"datePublished\":\"2026-04-02T15:12:10+00:00\",\"dateModified\":\"2026-05-08T20:49:56+00:00\",\"description\":\"Rencontrez l'\u00e9quipe d'Heward Investment Management, des professionnels d\u00e9vou\u00e9s alliant expertise sp\u00e9cialis\u00e9e et approche personnalis\u00e9e pour atteindre vos objectifs financiers \u00e0 long terme.\",\"breadcrumb\":{\"@id\":\"https:\\\/\\\/heward.com\\\/fr\\\/lequipe\\\/#breadcrumb\"},\"inLanguage\":\"fr-CA\",\"potentialAction\":[{\"@type\":\"ReadAction\",\"target\":[\"https:\\\/\\\/heward.com\\\/fr\\\/lequipe\\\/\"]}]},{\"@type\":\"BreadcrumbList\",\"@id\":\"https:\\\/\\\/heward.com\\\/fr\\\/lequipe\\\/#breadcrumb\",\"itemListElement\":[{\"@type\":\"ListItem\",\"position\":1,\"name\":\"Home\",\"item\":\"https:\\\/\\\/heward.com\\\/fr\\\/\"},{\"@type\":\"ListItem\",\"position\":2,\"name\":\"L\u2019\u00e9quipe\"}]},{\"@type\":\"WebSite\",\"@id\":\"https:\\\/\\\/heward.com\\\/fr\\\/#website\",\"url\":\"https:\\\/\\\/heward.com\\\/fr\\\/\",\"name\":\"Heward\",\"description\":\"Investment Management since 1925\",\"potentialAction\":[{\"@type\":\"SearchAction\",\"target\":{\"@type\":\"EntryPoint\",\"urlTemplate\":\"https:\\\/\\\/heward.com\\\/fr\\\/?s={search_term_string}\"},\"query-input\":{\"@type\":\"PropertyValueSpecification\",\"valueRequired\":true,\"valueName\":\"search_term_string\"}}],\"inLanguage\":\"fr-CA\"}]}<\/script>\n<!-- \/ Yoast SEO plugin. -->","yoast_head_json":{"title":"L\u2019\u00e9quipe - Heward","description":"Rencontrez l'\u00e9quipe d'Heward Investment Management, des professionnels d\u00e9vou\u00e9s alliant expertise sp\u00e9cialis\u00e9e et approche personnalis\u00e9e pour atteindre vos objectifs financiers \u00e0 long terme.","robots":{"index":"index","follow":"follow","max-snippet":"max-snippet:-1","max-image-preview":"max-image-preview:large","max-video-preview":"max-video-preview:-1"},"canonical":"https:\/\/heward.com\/fr\/lequipe\/","og_locale":"fr_CA","og_type":"article","og_title":"L\u2019\u00e9quipe - Heward","og_description":"Rencontrez l'\u00e9quipe d'Heward Investment Management, des professionnels d\u00e9vou\u00e9s alliant expertise sp\u00e9cialis\u00e9e et approche personnalis\u00e9e pour atteindre vos objectifs financiers \u00e0 long terme.","og_url":"https:\/\/heward.com\/fr\/lequipe\/","og_site_name":"Heward","article_modified_time":"2026-05-08T20:49:56+00:00","twitter_card":"summary_large_image","schema":{"@context":"https:\/\/schema.org","@graph":[{"@type":"WebPage","@id":"https:\/\/heward.com\/fr\/lequipe\/","url":"https:\/\/heward.com\/fr\/lequipe\/","name":"L\u2019\u00e9quipe - Heward","isPartOf":{"@id":"https:\/\/heward.com\/fr\/#website"},"datePublished":"2026-04-02T15:12:10+00:00","dateModified":"2026-05-08T20:49:56+00:00","description":"Rencontrez l'\u00e9quipe d'Heward Investment Management, des professionnels d\u00e9vou\u00e9s alliant expertise sp\u00e9cialis\u00e9e et approche personnalis\u00e9e pour atteindre vos objectifs financiers \u00e0 long terme.","breadcrumb":{"@id":"https:\/\/heward.com\/fr\/lequipe\/#breadcrumb"},"inLanguage":"fr-CA","potentialAction":[{"@type":"ReadAction","target":["https:\/\/heward.com\/fr\/lequipe\/"]}]},{"@type":"BreadcrumbList","@id":"https:\/\/heward.com\/fr\/lequipe\/#breadcrumb","itemListElement":[{"@type":"ListItem","position":1,"name":"Home","item":"https:\/\/heward.com\/fr\/"},{"@type":"ListItem","position":2,"name":"L\u2019\u00e9quipe"}]},{"@type":"WebSite","@id":"https:\/\/heward.com\/fr\/#website","url":"https:\/\/heward.com\/fr\/","name":"Heward","description":"Investment Management since 1925","potentialAction":[{"@type":"SearchAction","target":{"@type":"EntryPoint","urlTemplate":"https:\/\/heward.com\/fr\/?s={search_term_string}"},"query-input":{"@type":"PropertyValueSpecification","valueRequired":true,"valueName":"search_term_string"}}],"inLanguage":"fr-CA"}]}},"_links":{"self":[{"href":"https:\/\/heward.com\/fr\/wp-json\/wp\/v2\/pages\/538","targetHints":{"allow":["GET"]}}],"collection":[{"href":"https:\/\/heward.com\/fr\/wp-json\/wp\/v2\/pages"}],"about":[{"href":"https:\/\/heward.com\/fr\/wp-json\/wp\/v2\/types\/page"}],"author":[{"embeddable":true,"href":"https:\/\/heward.com\/fr\/wp-json\/wp\/v2\/users\/1"}],"replies":[{"embeddable":true,"href":"https:\/\/heward.com\/fr\/wp-json\/wp\/v2\/comments?post=538"}],"version-history":[{"count":0,"href":"https:\/\/heward.com\/fr\/wp-json\/wp\/v2\/pages\/538\/revisions"}],"wp:attachment":[{"href":"https:\/\/heward.com\/fr\/wp-json\/wp\/v2\/media?parent=538"}],"curies":[{"name":"wp","href":"https:\/\/api.w.org\/{rel}","templated":true}]}}