{"id":338,"date":"2026-03-25T15:00:40","date_gmt":"2026-03-25T15:00:40","guid":{"rendered":"http:\/\/localhost:10207\/contactez-nous\/"},"modified":"2026-04-23T19:13:12","modified_gmt":"2026-04-23T19:13:12","slug":"contactez-nous","status":"publish","type":"page","link":"https:\/\/heward.com\/fr\/contactez-nous\/","title":{"rendered":"Contactez-nous"},"content":{"rendered":"","protected":false},"excerpt":{"rendered":"","protected":false},"author":1,"featured_media":0,"parent":0,"menu_order":0,"comment_status":"closed","ping_status":"closed","template":"page-contact.php","meta":{"_acf_changed":false,"footnotes":""},"class_list":["post-338","page","type-page","status-publish","hentry"],"acf":[],"yoast_head":"<!-- This site is optimized with the Yoast SEO plugin v27.5 - https:\/\/yoast.com\/product\/yoast-seo-wordpress\/ -->\n<title>Contactez-nous - Heward<\/title>\n<meta name=\"description\" content=\"Contactez Heward Investment Management \u00e0 Montr\u00e9al. Notre \u00e9quipe est pr\u00eate \u00e0 discuter de vos objectifs d\u2019investissement et \u00e0 b\u00e2tir une relation durable bas\u00e9e sur la confiance, adapt\u00e9e \u00e0 votre avenir financier.\" \/>\n<meta name=\"robots\" content=\"index, follow, max-snippet:-1, max-image-preview:large, max-video-preview:-1\" \/>\n<link rel=\"canonical\" href=\"https:\/\/heward.com\/fr\/contactez-nous\/\" \/>\n<meta property=\"og:locale\" content=\"fr_CA\" \/>\n<meta property=\"og:type\" content=\"article\" \/>\n<meta property=\"og:title\" content=\"Contactez-nous - Heward\" \/>\n<meta property=\"og:description\" content=\"Contactez Heward Investment Management \u00e0 Montr\u00e9al. Notre \u00e9quipe est pr\u00eate \u00e0 discuter de vos objectifs d\u2019investissement et \u00e0 b\u00e2tir une relation durable bas\u00e9e sur la confiance, adapt\u00e9e \u00e0 votre avenir financier.\" \/>\n<meta property=\"og:url\" content=\"https:\/\/heward.com\/fr\/contactez-nous\/\" \/>\n<meta property=\"og:site_name\" content=\"Heward\" \/>\n<meta property=\"article:modified_time\" content=\"2026-04-23T19:13:12+00:00\" \/>\n<meta name=\"twitter:card\" content=\"summary_large_image\" \/>\n<script type=\"application\/ld+json\" class=\"yoast-schema-graph\">{\"@context\":\"https:\\\/\\\/schema.org\",\"@graph\":[{\"@type\":\"WebPage\",\"@id\":\"https:\\\/\\\/heward.com\\\/fr\\\/contactez-nous\\\/\",\"url\":\"https:\\\/\\\/heward.com\\\/fr\\\/contactez-nous\\\/\",\"name\":\"Contactez-nous - Heward\",\"isPartOf\":{\"@id\":\"https:\\\/\\\/heward.com\\\/fr\\\/#website\"},\"datePublished\":\"2026-03-25T15:00:40+00:00\",\"dateModified\":\"2026-04-23T19:13:12+00:00\",\"description\":\"Contactez Heward Investment Management \u00e0 Montr\u00e9al. Notre \u00e9quipe est pr\u00eate \u00e0 discuter de vos objectifs d\u2019investissement et \u00e0 b\u00e2tir une relation durable bas\u00e9e sur la confiance, adapt\u00e9e \u00e0 votre avenir financier.\",\"breadcrumb\":{\"@id\":\"https:\\\/\\\/heward.com\\\/fr\\\/contactez-nous\\\/#breadcrumb\"},\"inLanguage\":\"fr-CA\",\"potentialAction\":[{\"@type\":\"ReadAction\",\"target\":[\"https:\\\/\\\/heward.com\\\/fr\\\/contactez-nous\\\/\"]}]},{\"@type\":\"BreadcrumbList\",\"@id\":\"https:\\\/\\\/heward.com\\\/fr\\\/contactez-nous\\\/#breadcrumb\",\"itemListElement\":[{\"@type\":\"ListItem\",\"position\":1,\"name\":\"Home\",\"item\":\"http:\\\/\\\/heward.com\\\/fr\\\/\"},{\"@type\":\"ListItem\",\"position\":2,\"name\":\"Contactez-nous\"}]},{\"@type\":\"WebSite\",\"@id\":\"https:\\\/\\\/heward.com\\\/fr\\\/#website\",\"url\":\"https:\\\/\\\/heward.com\\\/fr\\\/\",\"name\":\"Heward\",\"description\":\"Investment Management since 1925\",\"potentialAction\":[{\"@type\":\"SearchAction\",\"target\":{\"@type\":\"EntryPoint\",\"urlTemplate\":\"https:\\\/\\\/heward.com\\\/fr\\\/?s={search_term_string}\"},\"query-input\":{\"@type\":\"PropertyValueSpecification\",\"valueRequired\":true,\"valueName\":\"search_term_string\"}}],\"inLanguage\":\"fr-CA\"}]}<\/script>\n<!-- \/ Yoast SEO plugin. -->","yoast_head_json":{"title":"Contactez-nous - Heward","description":"Contactez Heward Investment Management \u00e0 Montr\u00e9al. Notre \u00e9quipe est pr\u00eate \u00e0 discuter de vos objectifs d\u2019investissement et \u00e0 b\u00e2tir une relation durable bas\u00e9e sur la confiance, adapt\u00e9e \u00e0 votre avenir financier.","robots":{"index":"index","follow":"follow","max-snippet":"max-snippet:-1","max-image-preview":"max-image-preview:large","max-video-preview":"max-video-preview:-1"},"canonical":"https:\/\/heward.com\/fr\/contactez-nous\/","og_locale":"fr_CA","og_type":"article","og_title":"Contactez-nous - Heward","og_description":"Contactez Heward Investment Management \u00e0 Montr\u00e9al. Notre \u00e9quipe est pr\u00eate \u00e0 discuter de vos objectifs d\u2019investissement et \u00e0 b\u00e2tir une relation durable bas\u00e9e sur la confiance, adapt\u00e9e \u00e0 votre avenir financier.","og_url":"https:\/\/heward.com\/fr\/contactez-nous\/","og_site_name":"Heward","article_modified_time":"2026-04-23T19:13:12+00:00","twitter_card":"summary_large_image","schema":{"@context":"https:\/\/schema.org","@graph":[{"@type":"WebPage","@id":"https:\/\/heward.com\/fr\/contactez-nous\/","url":"https:\/\/heward.com\/fr\/contactez-nous\/","name":"Contactez-nous - Heward","isPartOf":{"@id":"https:\/\/heward.com\/fr\/#website"},"datePublished":"2026-03-25T15:00:40+00:00","dateModified":"2026-04-23T19:13:12+00:00","description":"Contactez Heward Investment Management \u00e0 Montr\u00e9al. Notre \u00e9quipe est pr\u00eate \u00e0 discuter de vos objectifs d\u2019investissement et \u00e0 b\u00e2tir une relation durable bas\u00e9e sur la confiance, adapt\u00e9e \u00e0 votre avenir financier.","breadcrumb":{"@id":"https:\/\/heward.com\/fr\/contactez-nous\/#breadcrumb"},"inLanguage":"fr-CA","potentialAction":[{"@type":"ReadAction","target":["https:\/\/heward.com\/fr\/contactez-nous\/"]}]},{"@type":"BreadcrumbList","@id":"https:\/\/heward.com\/fr\/contactez-nous\/#breadcrumb","itemListElement":[{"@type":"ListItem","position":1,"name":"Home","item":"http:\/\/heward.com\/fr\/"},{"@type":"ListItem","position":2,"name":"Contactez-nous"}]},{"@type":"WebSite","@id":"https:\/\/heward.com\/fr\/#website","url":"https:\/\/heward.com\/fr\/","name":"Heward","description":"Investment Management since 1925","potentialAction":[{"@type":"SearchAction","target":{"@type":"EntryPoint","urlTemplate":"https:\/\/heward.com\/fr\/?s={search_term_string}"},"query-input":{"@type":"PropertyValueSpecification","valueRequired":true,"valueName":"search_term_string"}}],"inLanguage":"fr-CA"}]}},"_links":{"self":[{"href":"https:\/\/heward.com\/fr\/wp-json\/wp\/v2\/pages\/338","targetHints":{"allow":["GET"]}}],"collection":[{"href":"https:\/\/heward.com\/fr\/wp-json\/wp\/v2\/pages"}],"about":[{"href":"https:\/\/heward.com\/fr\/wp-json\/wp\/v2\/types\/page"}],"author":[{"embeddable":true,"href":"https:\/\/heward.com\/fr\/wp-json\/wp\/v2\/users\/1"}],"replies":[{"embeddable":true,"href":"https:\/\/heward.com\/fr\/wp-json\/wp\/v2\/comments?post=338"}],"version-history":[{"count":0,"href":"https:\/\/heward.com\/fr\/wp-json\/wp\/v2\/pages\/338\/revisions"}],"wp:attachment":[{"href":"https:\/\/heward.com\/fr\/wp-json\/wp\/v2\/media?parent=338"}],"curies":[{"name":"wp","href":"https:\/\/api.w.org\/{rel}","templated":true}]}}